{"id":10590,"date":"2017-05-30T00:02:18","date_gmt":"2017-05-30T00:02:18","guid":{"rendered":"http:\/\/le-mac.com.mx\/?page_id=10590"},"modified":"2017-07-18T15:15:43","modified_gmt":"2017-07-18T15:15:43","slug":"quienes-somos","status":"publish","type":"page","link":"https:\/\/le-mac.com.mx\/index.php\/architecture-home\/quienes-somos\/","title":{"rendered":"Quienes somos"},"content":{"rendered":"<div class=\"row \"><div class=\"wpv-grid grid-1-1  wpv-first-level parallax-bg first has-background extended no-extended-padding\" style=\"\n\t\t\t\tbackground: url( &#039;https:\/\/le-mac.com.mx\/wp-content\/uploads\/2015\/01\/fondo-quienes-somos-l-m.jpg&#039; ) no-repeat center top;\n\t\t\t\tbackground-size: auto;\n\t\t\tbackground-attachment: fixed;padding-top:120px;padding-bottom:120px;\" id=\"nosotros\"  data-parallax-method=\"to-centre\" data-parallax-inertia=\"-0.2\"><div class=\"limit-wrapper\"><div class=\"extended-column-inner\"><div class=\"row \"><div class=\"wpv-grid grid-1-2  first unextended no-extended-padding\" style=\"padding-top:0.05px;padding-bottom:0.05px;\" id=\"wpv-column-28a688971cfb4b8df820dbb17c8bf03e\" ><h3 style=\"text-align: justify;\">NOSOTROS<\/h3>\n<p style=\"text-align: justify;\"><span class='dropcap1 '>L<\/span>\n<strong>LEMAC CONSTRUCCIONES fue fundada en la Ciudad de M\u00e9xico con el fin de atender los requerimientos relacionados con Proyectos Ejecutivos, Proyectos Llave en mano, Construcci\u00f3n, Infraestructura, Estructura Met\u00e1lica, Interiorismo, Estudios y Supervisi\u00f3n de Obra en general, Instalaciones El\u00e9ctricas, Instalaciones Especiales, Ampliaciones, Remodelaciones y Mantenimiento en general a nivel Industrial y Residencial.<\/strong><\/div><\/div>\n<div class=\"push  wpv-hide-lowres\" style=\"height:20px\"><\/div>\n<div class=\"row \"><div class=\"wpv-grid grid-1-2  first unextended no-extended-padding\" style=\"padding-top:0.05px;padding-bottom:0.05px;\" id=\"wpv-column-ef96cdabc499b3760fdf5931ac1f80e9\" ><p style=\"text-align: justify;\"><strong>En todos los trabajos que realizamos asignamos un equipo especializado en su \u00e1rea para el adecuado control administrativo y t\u00e9cnico de la obra, calidad y resoluci\u00f3n de problemas t\u00e9cnicos que nos permite la entrega de los proyectos en tiempo y forma cumpliendo con todos los est\u00e1ndares de calidad y normas.<\/strong><\/div><\/div>\n<div class=\"push  wpv-hide-lowres\" style=\"height:20px\"><\/div>\n<div class=\"row \"><div class=\"wpv-grid grid-1-2  first unextended no-extended-padding\" style=\"padding-top:0.05px;padding-bottom:0.05px;\" id=\"wpv-column-3d1809e44b8ebf4fd6716aa45bbd0dae\" ><p style=\"text-align: justify;\"><strong>Contamos con un equipo de trabajo profesional y socios comerciales avalados por una experiencia de m\u00e1s de 20 a\u00f1os con los cuales atendemos y damos excelentes resultados a clientes de diferentes giros como son Empresas de Paqueter\u00eda y Log\u00edstica, Industria, Comercializadoras, Fraccionamientos Residenciales y Locales Comerciales nos adaptamos a sus necesidades y tenemos diferentes esquemas de contrataci\u00f3n como precio unitario, precio m\u00e1ximo garantizado y precio alzado.<\/strong><\/div><\/div><\/div><\/div><\/div><\/div>\n<div class=\"push  wpv-hide-lowres\" style=\"height:70px\"><\/div>\n<div class=\"limit-wrapper\"><div class=\"row \"><div class=\"wpv-grid grid-1-1  wpv-first-level first unextended has-extended-padding\" style=\"padding-top:0.05px;padding-bottom:0.05px;\" id=\"wpv-column-ba881132b755f138fcf67dfb30ed4a2c\" ><div class=\"row \"><div class=\"wpv-grid grid-1-4  first unextended animation-from-left animated-active no-extended-padding\" style=\"padding-top:0.05px;padding-bottom:0.05px;\" id=\"wpv-column-6955e764964969117ca09633181d66b7\" >\n<div  data-target=\"_blank\" class=\"linkarea clearfix accent7  background-transparent\">\n\t\t\t\t<div class=\"last\"><h3 style=\"text-align: center;\">Misi\u00f3n<\/h3>\n<p style=\"text-align: center;\">Ofrecer soluciones innovadoras, generadas bajo una estricta \u00e9tica profesional y empresarial, enfocadas en optimizar recursos materiales de nuestros clientes con el desarrollo de nuestros colaboradores, la rentabilidad de nuestra empresa y siempre comprometidos con el bienestar social.<\/div>\n\t<\/div><\/div>\n<div class=\"wpv-grid grid-1-4  unextended animation-from-left animated-active no-extended-padding\" style=\"padding-top:0.05px;padding-bottom:0.05px;\" id=\"wpv-column-36837a67487307a1136c2f50be2f70ff\" >\n<div  data-target=\"_blank\" class=\"linkarea clearfix accent7  background-transparent\">\n\t\t\t\t<div class=\"last\"><h3 style=\"text-align: center;\">Visi\u00f3n<\/h3>\n<p style=\"text-align: center;\">Ser una compa\u00f1\u00eda de ingenier\u00eda, construcci\u00f3n, mantenimiento industrial y residencial con un crecimiento rentable y\u00a0sostenido reconocida en el medio por la ejecuci\u00f3n de trabajos con profesionalismo, calidad, seguridad y comprometidos con\u00a0el medio ambiente.<\/div>\n\t<\/div><\/div>\n<div class=\"wpv-grid grid-1-4  unextended animation-from-left animated-active no-extended-padding\" style=\"padding-top:0.05px;padding-bottom:0.05px;\" id=\"wpv-column-3bcda7086e19dafd5f2b14b91a00e70d\" >\n<div  data-target=\"_blank\" class=\"linkarea clearfix accent7  background-transparent\">\n\t\t\t\t<div class=\"last\"><h3>Valores<\/h3>\n<p>En la organizaci\u00f3n nuestro desempe\u00f1o se rige en base a los siguientes valores fundamentales:<br \/>\n\n<ul class=\"styled-list  icon-accent1\">\n<li class=\" icon-b theme\" data-icon=\"&#57374;\">Honestidad<\/li>\n<li class=\" icon-b theme\" data-icon=\"&#57374;\">Eficacia<\/li>\n<li class=\" icon-b theme\" data-icon=\"&#57374;\">Responsabilidad<\/li>\n<li class=\" icon-b theme\" data-icon=\"&#57374;\">Dedicaci\u00f3n<\/li>\n<li class=\" icon-b theme\" data-icon=\"&#57374;\">Servicio al cliente<\/li>\n<li class=\" icon-b theme\" data-icon=\"&#57374;\">Trabajo en equipo<\/li>\n<\/ul>\n<\/div>\n\t<\/div><\/div>\n<div class=\"wpv-grid grid-1-4  unextended animation-from-left animated-active no-extended-padding\" style=\"padding-top:0.05px;padding-bottom:0.05px;\" id=\"wpv-column-b9998837550793c578c841e0cf6c3466\" >\n<div  data-target=\"_blank\" class=\"linkarea clearfix accent7  background-transparent\">\n\t\t\t\t<div class=\"last\"><h3>Valor agregado<\/h3>\n\n<ul class=\"styled-list  icon-accent1\">\n<li class=\" icon-b theme\" data-icon=\"&#57374;\">Confidencialidad<\/li>\n<li class=\" icon-b theme\" data-icon=\"&#57374;\">Innovaci\u00f3n y Creatividad<\/li>\n<li class=\" icon-b theme\" data-icon=\"&#57374;\">\u00c9tica Empresarial<\/li>\n<li class=\" icon-b theme\" data-icon=\"&#57374;\">Experiencia<\/li>\n<li class=\" icon-b theme\" data-icon=\"&#57374;\">Soluci\u00f3n con Sentido<\/li>\n<\/ul>\n <div class=\"push \" style=\"height:10px\"><\/div><\/div>\n\t<\/div><\/div><\/div><\/div><\/div><\/div>\n","protected":false},"excerpt":{"rendered":"<p>NOSOTROS LEMAC CONSTRUCCIONES fue fundada en la Ciudad de M\u00e9xico con el fin de atender los requerimientos relacionados con Proyectos Ejecutivos, Proyectos Llave en mano, Construcci\u00f3n, Infraestructura, Estructura Met\u00e1lica, Interiorismo, Estudios y Supervisi\u00f3n de Obra en general, Instalaciones El\u00e9ctricas, Instalaciones Especiales, Ampliaciones, Remodelaciones y Mantenimiento en general a nivel Industrial y Residencial. En todos los&#8230;<\/p>\n","protected":false},"author":1,"featured_media":0,"parent":9901,"menu_order":0,"comment_status":"closed","ping_status":"closed","template":"","meta":{"footnotes":""},"class_list":["post-10590","page","type-page","status-publish","hentry"],"_links":{"self":[{"href":"https:\/\/le-mac.com.mx\/index.php\/wp-json\/wp\/v2\/pages\/10590","targetHints":{"allow":["GET"]}}],"collection":[{"href":"https:\/\/le-mac.com.mx\/index.php\/wp-json\/wp\/v2\/pages"}],"about":[{"href":"https:\/\/le-mac.com.mx\/index.php\/wp-json\/wp\/v2\/types\/page"}],"author":[{"embeddable":true,"href":"https:\/\/le-mac.com.mx\/index.php\/wp-json\/wp\/v2\/users\/1"}],"replies":[{"embeddable":true,"href":"https:\/\/le-mac.com.mx\/index.php\/wp-json\/wp\/v2\/comments?post=10590"}],"version-history":[{"count":11,"href":"https:\/\/le-mac.com.mx\/index.php\/wp-json\/wp\/v2\/pages\/10590\/revisions"}],"predecessor-version":[{"id":10977,"href":"https:\/\/le-mac.com.mx\/index.php\/wp-json\/wp\/v2\/pages\/10590\/revisions\/10977"}],"up":[{"embeddable":true,"href":"https:\/\/le-mac.com.mx\/index.php\/wp-json\/wp\/v2\/pages\/9901"}],"wp:attachment":[{"href":"https:\/\/le-mac.com.mx\/index.php\/wp-json\/wp\/v2\/media?parent=10590"}],"curies":[{"name":"wp","href":"https:\/\/api.w.org\/{rel}","templated":true}]}}