{"id":11011,"date":"2017-11-24T01:56:41","date_gmt":"2017-11-24T01:56:41","guid":{"rendered":"http:\/\/le-mac.com.mx\/?page_id=11011"},"modified":"2018-09-24T21:27:46","modified_gmt":"2018-09-24T21:27:46","slug":"infraestructura-en-telecom","status":"publish","type":"page","link":"https:\/\/le-mac.com.mx\/index.php\/infraestructura-en-telecom\/","title":{"rendered":"Infraestructura en Telecom"},"content":{"rendered":"<div class=\"limit-wrapper\"><div class=\"row \"><div class=\"wpv-grid grid-1-1  wpv-first-level first unextended no-extended-padding\" style=\"padding-top:0.05px;padding-bottom:0.05px;\" id=\"wpv-column-0efe41ea82df0b8a2bfcd4e21a5f490b\" ><p>\u00a0<\/div><\/div><\/div>\n<div class=\"limit-wrapper\"><div class=\"row \"><div class=\"wpv-grid grid-1-2  wpv-first-level first unextended animation-from-right animated-active no-extended-padding\" style=\"padding-top:0.05px;padding-bottom:0.05px;\" id=\"wpv-column-f1883ee5c77698cc2ad812837e6d858b\" >\t\t<div class=\"sep-text single centered\">\n\t\t\t\t\t\t\t<span class=\"sep-text-before\"><div class=\"sep-text-line\"><\/div><\/span>\n\t\t\t\t\t\t<div class=\"content\">\n\t\t\t\t<h2 class=\"regular-title-wrapper\">\t\t\t\t\tPROYECTO EJECUTIVO\t\t\t\t<\/h2>\t\t\t<\/div>\n\t\t\t<span class=\"sep-text-after\"><div class=\"sep-text-line\"><\/div><\/span>\n\t\t\t\t\t<\/div>\n\t<p>*Elaboraci\u00f3n de proyectos ejecutivos (Site Surveys).<br \/>\n*Levantamiento de inventario.<br \/>\n*Digitalizaci\u00f3n.<br \/>\n*Elaboraci\u00f3n y dise\u00f1o de red en fases.<br \/>\n*Elaboraci\u00f3n de proyecto ejecutivo para RED de PLANTA EXTERNA en FIBRA.<\/div>\n<div class=\"wpv-grid grid-1-2  wpv-first-level unextended animation-from-left animated-active no-extended-padding\" style=\"padding-top:0.05px;padding-bottom:0.05px;\" id=\"wpv-column-19d1cf34cc169bd8321f2ba05e88ed7b\" >\t\t<div class=\"sep-text single centered\">\n\t\t\t\t\t\t\t<span class=\"sep-text-before\"><div class=\"sep-text-line\"><\/div><\/span>\n\t\t\t\t\t\t<div class=\"content\">\n\t\t\t\t<h2 class=\"regular-title-wrapper\">\t\t\t\t\tINSTALACI\u00d3N A\u00c9REA\t\t\t\t<\/h2>\t\t\t<\/div>\n\t\t\t<span class=\"sep-text-after\"><div class=\"sep-text-line\"><\/div><\/span>\n\t\t\t\t\t<\/div>\n\t<p>*Instalaci\u00f3n de enlaces de\u00a0microondas.<br \/>\n*Sistema completo de microondas\u00a0desde la antena\u00a0est\u00e1ndar o con radomo, instalaci\u00f3n de Odu\u2019s, IDU\u2019s\u00a0cables banda base, conectores, grounding kits, arresters.<br \/>\n*Enlaces de baja capacidad PDH de 4, 8 o 16E1 y de\u00a0alta capacidad SDH que\u00a0manejan STM1.<br \/>\n*Equipos con gu\u00eda de onda\u00a0presurizada.<br \/>\n*Postes, Anclas y retenidas Flexoducto, guias, herrajes de tensi\u00f3n y suspensi\u00f3n Crucetas, raquetas y marcador para flexoducto.<\/div><\/div><\/div>\n<div class=\"limit-wrapper\"><div class=\"sep\"><\/div><\/div>\n<div class=\"limit-wrapper\"><div class=\"row \"><div class=\"wpv-grid grid-1-2  wpv-first-level first unextended animation-from-right animated-active no-extended-padding\" style=\"padding-top:0.05px;padding-bottom:0.05px;\" id=\"wpv-column-d55ac61affc0ec8c4db75e25b0749b3a\" >\t\t<div class=\"sep-text single centered\">\n\t\t\t\t\t\t\t<span class=\"sep-text-before\"><div class=\"sep-text-line\"><\/div><\/span>\n\t\t\t\t\t\t<div class=\"content\">\n\t\t\t\t<h2 class=\"regular-title-wrapper\">\t\t\t\t\tCONSTRUCCI\u00d3N\t\t\t\t<\/h2>\t\t\t<\/div>\n\t\t\t<span class=\"sep-text-after\"><div class=\"sep-text-line\"><\/div><\/span>\n\t\t\t\t\t<\/div>\n\t<p>*Canalizaci\u00f3n con zanjadora y a cielo abierto para la colocaci\u00f3n de flexo ductos.<br \/>\n*Instalaci\u00f3n de cableados de fibra y cobre subterr\u00e1neos y a\u00e9reos.<br \/>\n*Elaboraci\u00f3n y pruebas de empalmes en fibra y cobre.<br \/>\n*Perforaci\u00f3n direccional.<br \/>\n*Adecuaci\u00f3n de interiores de shelters.<br \/>\n*Instalaci\u00f3n de los aires acondicionados.<br \/>\n*Instalaci\u00f3n de escalerilla de diferentes tipos.<br \/>\n*Sistema de tierras interno halo aterrizaje de todos sus componentes internos.<br \/>\n*Supresores de picos para transientes de voltajes y alarmas sencillas como complejas.<br \/>\n*Instalaci\u00f3n de plantas de DC y bancos de bater\u00edas.<\/div>\n<div class=\"wpv-grid grid-1-2  wpv-first-level unextended animation-from-left animated-active no-extended-padding\" style=\"padding-top:0.05px;padding-bottom:0.05px;\" id=\"wpv-column-b6b2def533cf1ae92bbf12466b927575\" >\t\t<div class=\"sep-text single centered\">\n\t\t\t\t\t\t\t<span class=\"sep-text-before\"><div class=\"sep-text-line\"><\/div><\/span>\n\t\t\t\t\t\t<div class=\"content\">\n\t\t\t\t<h2 class=\"regular-title-wrapper\">\t\t\t\t\tCONEXI\u00d3N\t\t\t\t<\/h2>\t\t\t<\/div>\n\t\t\t<span class=\"sep-text-after\"><div class=\"sep-text-line\"><\/div><\/span>\n\t\t\t\t\t<\/div>\n\t<p>*Fibra \u00d3ptica.<br \/>\n*Cable, Varilla Coperdweld,\u00a0Conectores y Soldadura para\u00a0Sistemas de tierra.<br \/>\n*Empalmes y Pruebas en\u00a0Cables de Fibra \u00d3ptica.<br \/>\n*Elaboraci\u00f3n y\/o colocaci\u00f3n de\u00a0registros MANHOLE Y HANDHOLE.<br \/>\n*Conexi\u00f3n de cajas de distribuci\u00f3n\u00a0(CROSS).<\/div><\/div><\/div>\n","protected":false},"excerpt":{"rendered":"<p>\u00a0 *Elaboraci\u00f3n de proyectos ejecutivos (Site Surveys). *Levantamiento de inventario. *Digitalizaci\u00f3n. *Elaboraci\u00f3n y dise\u00f1o de red en fases. *Elaboraci\u00f3n de proyecto ejecutivo para RED de PLANTA EXTERNA en FIBRA. *Instalaci\u00f3n de enlaces de\u00a0microondas. *Sistema completo de microondas\u00a0desde la antena\u00a0est\u00e1ndar o con radomo, instalaci\u00f3n de Odu\u2019s, IDU\u2019s\u00a0cables banda base, conectores, grounding kits, arresters. *Enlaces de baja&#8230;<\/p>\n","protected":false},"author":1,"featured_media":0,"parent":0,"menu_order":0,"comment_status":"closed","ping_status":"closed","template":"","meta":{"footnotes":""},"class_list":["post-11011","page","type-page","status-publish","hentry"],"_links":{"self":[{"href":"https:\/\/le-mac.com.mx\/index.php\/wp-json\/wp\/v2\/pages\/11011","targetHints":{"allow":["GET"]}}],"collection":[{"href":"https:\/\/le-mac.com.mx\/index.php\/wp-json\/wp\/v2\/pages"}],"about":[{"href":"https:\/\/le-mac.com.mx\/index.php\/wp-json\/wp\/v2\/types\/page"}],"author":[{"embeddable":true,"href":"https:\/\/le-mac.com.mx\/index.php\/wp-json\/wp\/v2\/users\/1"}],"replies":[{"embeddable":true,"href":"https:\/\/le-mac.com.mx\/index.php\/wp-json\/wp\/v2\/comments?post=11011"}],"version-history":[{"count":6,"href":"https:\/\/le-mac.com.mx\/index.php\/wp-json\/wp\/v2\/pages\/11011\/revisions"}],"predecessor-version":[{"id":11020,"href":"https:\/\/le-mac.com.mx\/index.php\/wp-json\/wp\/v2\/pages\/11011\/revisions\/11020"}],"wp:attachment":[{"href":"https:\/\/le-mac.com.mx\/index.php\/wp-json\/wp\/v2\/media?parent=11011"}],"curies":[{"name":"wp","href":"https:\/\/api.w.org\/{rel}","templated":true}]}}