{"id":11138,"date":"2019-09-06T06:11:01","date_gmt":"2019-09-06T06:11:01","guid":{"rendered":"http:\/\/le-mac.com.mx\/?page_id=11138"},"modified":"2019-09-12T19:00:16","modified_gmt":"2019-09-12T19:00:16","slug":"business-connect","status":"publish","type":"page","link":"https:\/\/le-mac.com.mx\/index.php\/business-connect\/","title":{"rendered":"LEMAC Business Connect"},"content":{"rendered":"<h1>CONECTA TU NEGOCIO AL MUNDO<\/h1>\n<h1>Descubre las soluciones que hemos desarrollado para llevar tu empresa al siguiente nivel.<\/h1>\n<p>\t\t\tConsultor\u00eda en TICS\t\t<\/p>\n<h3>LeMac Business Connect<\/h3>\n<p>\t\t\tNuestras capacidades conectadas brindan experiencias integrales de principio a fin que producen resultados comerciales reales. Dise\u00f1o e innovaci\u00f3n, marketing, contenido, comercio electr\u00f3nico, aplicaciones m\u00f3viles.<br \/>\n\t\t\t\t\t\t\t\t\t\t<img loading=\"lazy\" decoding=\"async\" width=\"1024\" height=\"614\" src=\"https:\/\/le-mac.com.mx\/wp-content\/uploads\/2019\/09\/le-mac-datacenter-1024x614.jpg\" alt=\"\" srcset=\"https:\/\/le-mac.com.mx\/wp-content\/uploads\/2019\/09\/le-mac-datacenter-1024x614.jpg 1024w, https:\/\/le-mac.com.mx\/wp-content\/uploads\/2019\/09\/le-mac-datacenter-300x180.jpg 300w, https:\/\/le-mac.com.mx\/wp-content\/uploads\/2019\/09\/le-mac-datacenter-768x461.jpg 768w, https:\/\/le-mac.com.mx\/wp-content\/uploads\/2019\/09\/le-mac-datacenter-800x480.jpg 800w, https:\/\/le-mac.com.mx\/wp-content\/uploads\/2019\/09\/le-mac-datacenter-1140x684.jpg 1140w, https:\/\/le-mac.com.mx\/wp-content\/uploads\/2019\/09\/le-mac-datacenter-555x333.jpg 555w, https:\/\/le-mac.com.mx\/wp-content\/uploads\/2019\/09\/le-mac-datacenter-360x216.jpg 360w, https:\/\/le-mac.com.mx\/wp-content\/uploads\/2019\/09\/le-mac-datacenter-262x157.jpg 262w\" sizes=\"auto, (max-width: 1024px) 100vw, 1024px\" \/>\t\t\t\t\t\t\t\t\t\t\t<\/p>\n<h2>Data centers<\/h2>\n<p>Ofrecemos soluciones integrales en Data Centers, desde el dise\u00f1o e implementaci\u00f3n de los servicios f\u00edsicos y l\u00f3gicos para la infraestructura necesaria, hasta la operaci\u00f3n y soporte de los m\u00e1s complejos centros de informaci\u00f3n.<\/p>\n<h2>Desarrollo &amp; Dise\u00f1o Web<\/h2>\n<p>Con cada proyecto en el que colaboramos buscamos equilibrar el desarrollo perfecto con un dise\u00f1o que comunique \u00a0junto con las mejores pr\u00e1cticas en UX y UI, todo con la finalidad de entregar soluciones altamente competitivas y que le ayuden a alcanzar los objetivos deseados.<\/p>\n<p>\t\t\t\t\t\t\t\t\t\t<img loading=\"lazy\" decoding=\"async\" width=\"640\" height=\"426\" src=\"https:\/\/le-mac.com.mx\/wp-content\/uploads\/2019\/09\/le-mac-desarrollo-web.jpg\" alt=\"\" srcset=\"https:\/\/le-mac.com.mx\/wp-content\/uploads\/2019\/09\/le-mac-desarrollo-web.jpg 640w, https:\/\/le-mac.com.mx\/wp-content\/uploads\/2019\/09\/le-mac-desarrollo-web-300x200.jpg 300w, https:\/\/le-mac.com.mx\/wp-content\/uploads\/2019\/09\/le-mac-desarrollo-web-555x369.jpg 555w, https:\/\/le-mac.com.mx\/wp-content\/uploads\/2019\/09\/le-mac-desarrollo-web-360x240.jpg 360w, https:\/\/le-mac.com.mx\/wp-content\/uploads\/2019\/09\/le-mac-desarrollo-web-262x174.jpg 262w\" sizes=\"auto, (max-width: 640px) 100vw, 640px\" \/><br \/>\n\t\t\t\t\t\t\t\t\t\t<img loading=\"lazy\" decoding=\"async\" width=\"640\" height=\"426\" src=\"https:\/\/le-mac.com.mx\/wp-content\/uploads\/2019\/09\/le-mac-desarrolladores.jpg\" alt=\"\" srcset=\"https:\/\/le-mac.com.mx\/wp-content\/uploads\/2019\/09\/le-mac-desarrolladores.jpg 640w, https:\/\/le-mac.com.mx\/wp-content\/uploads\/2019\/09\/le-mac-desarrolladores-300x200.jpg 300w, https:\/\/le-mac.com.mx\/wp-content\/uploads\/2019\/09\/le-mac-desarrolladores-555x369.jpg 555w, https:\/\/le-mac.com.mx\/wp-content\/uploads\/2019\/09\/le-mac-desarrolladores-360x240.jpg 360w, https:\/\/le-mac.com.mx\/wp-content\/uploads\/2019\/09\/le-mac-desarrolladores-262x174.jpg 262w\" sizes=\"auto, (max-width: 640px) 100vw, 640px\" \/>\t\t\t\t\t\t\t\t\t\t\t<\/p>\n<h2>Desarrollo de Apps<\/h2>\n<p>Desarrollamos apps nativas en <b>iOS<\/b> y <b>Android<\/b> que permitan a<br \/>\nnuestros clientes estar al alcance de todo el mundo, desde la palma de su mano,<br \/>\ndirecto en el Smartphone de su p\u00fablico meta.<o:p><\/o:p><\/p>\n<h2>Desarrollo de Software<\/h2>\n<p>Desarrollamos software altamente especializado seg\u00fan las necesidades de cada organizaci\u00f3n, poniendo como prioridad\u00a0 la debida atenci\u00f3n a los detalles de cada una de las fases del proyecto, echando mano de las metodolog\u00edas de gesti\u00f3n de proyectos de vanguardia.<\/p>\n<p>\t\t\t\t\t\t\t\t\t\t<img loading=\"lazy\" decoding=\"async\" width=\"640\" height=\"426\" src=\"https:\/\/le-mac.com.mx\/wp-content\/uploads\/2019\/09\/le-mac-desarrollo-apps.jpg\" alt=\"\" srcset=\"https:\/\/le-mac.com.mx\/wp-content\/uploads\/2019\/09\/le-mac-desarrollo-apps.jpg 640w, https:\/\/le-mac.com.mx\/wp-content\/uploads\/2019\/09\/le-mac-desarrollo-apps-300x200.jpg 300w, https:\/\/le-mac.com.mx\/wp-content\/uploads\/2019\/09\/le-mac-desarrollo-apps-555x369.jpg 555w, https:\/\/le-mac.com.mx\/wp-content\/uploads\/2019\/09\/le-mac-desarrollo-apps-360x240.jpg 360w, https:\/\/le-mac.com.mx\/wp-content\/uploads\/2019\/09\/le-mac-desarrollo-apps-262x174.jpg 262w\" sizes=\"auto, (max-width: 640px) 100vw, 640px\" \/><br \/>\n\t\t\t\t\t\t\t\t\t\t<img loading=\"lazy\" decoding=\"async\" width=\"640\" height=\"426\" src=\"https:\/\/le-mac.com.mx\/wp-content\/uploads\/2019\/09\/le-mac-desarrollo-software.jpg\" alt=\"\" srcset=\"https:\/\/le-mac.com.mx\/wp-content\/uploads\/2019\/09\/le-mac-desarrollo-software.jpg 640w, https:\/\/le-mac.com.mx\/wp-content\/uploads\/2019\/09\/le-mac-desarrollo-software-300x200.jpg 300w, https:\/\/le-mac.com.mx\/wp-content\/uploads\/2019\/09\/le-mac-desarrollo-software-555x369.jpg 555w, https:\/\/le-mac.com.mx\/wp-content\/uploads\/2019\/09\/le-mac-desarrollo-software-360x240.jpg 360w, https:\/\/le-mac.com.mx\/wp-content\/uploads\/2019\/09\/le-mac-desarrollo-software-262x174.jpg 262w\" sizes=\"auto, (max-width: 640px) 100vw, 640px\" \/>\t\t\t\t\t\t\t\t\t\t\t<\/p>\n<h2>Atracci\u00f3n y desarrollo de talentos<\/h2>\n<p>Buscamos profesionales en las \u00e1reas como la consultor\u00eda, programaci\u00f3n, dise\u00f1o y gerencia de proyectos, con la finalidad de crear equipos altamente capacitados donde converjan las ideas m\u00e1s innovadoras con el talento de profesionales experimentados, todo para materializar los proyectos m\u00e1s ambiciosos.<\/p>\n<h4>Conf\u00eda tu proyecto a los expertos<\/h4>\n<p>En <strong>LEMAC BUSINESS CONNECT<\/strong>\u00a0ponemos a su servicio toda nuestra experiencia. \u00bfEst\u00e1 interesado en impulsar los alcances de su empresa con el p\u00fablico que realmente le importa? Comun\u00edquese con nosotros, tenemos justo la soluci\u00f3n que busca.<\/p>\n<p>\t\t\t<a href=\"https:\/\/le-mac.com.mx\/#contacto\" role=\"button\"><br \/>\n\t\t\t\t\t\tContactar<br \/>\n\t\t\t\t\t<\/a><\/p>\n","protected":false},"excerpt":{"rendered":"<p>CONECTA TU NEGOCIO AL MUNDO Descubre las soluciones que hemos desarrollado para llevar tu empresa al siguiente nivel. Consultor\u00eda en TICS LeMac Business Connect Nuestras capacidades conectadas brindan experiencias integrales de principio a fin que producen resultados comerciales reales. Dise\u00f1o e innovaci\u00f3n, marketing, contenido, comercio electr\u00f3nico, aplicaciones m\u00f3viles. Data centers Ofrecemos soluciones integrales en Data&#8230;<\/p>\n","protected":false},"author":1,"featured_media":0,"parent":0,"menu_order":0,"comment_status":"closed","ping_status":"closed","template":"","meta":{"footnotes":""},"class_list":["post-11138","page","type-page","status-publish","hentry"],"_links":{"self":[{"href":"https:\/\/le-mac.com.mx\/index.php\/wp-json\/wp\/v2\/pages\/11138","targetHints":{"allow":["GET"]}}],"collection":[{"href":"https:\/\/le-mac.com.mx\/index.php\/wp-json\/wp\/v2\/pages"}],"about":[{"href":"https:\/\/le-mac.com.mx\/index.php\/wp-json\/wp\/v2\/types\/page"}],"author":[{"embeddable":true,"href":"https:\/\/le-mac.com.mx\/index.php\/wp-json\/wp\/v2\/users\/1"}],"replies":[{"embeddable":true,"href":"https:\/\/le-mac.com.mx\/index.php\/wp-json\/wp\/v2\/comments?post=11138"}],"version-history":[{"count":48,"href":"https:\/\/le-mac.com.mx\/index.php\/wp-json\/wp\/v2\/pages\/11138\/revisions"}],"predecessor-version":[{"id":11243,"href":"https:\/\/le-mac.com.mx\/index.php\/wp-json\/wp\/v2\/pages\/11138\/revisions\/11243"}],"wp:attachment":[{"href":"https:\/\/le-mac.com.mx\/index.php\/wp-json\/wp\/v2\/media?parent=11138"}],"curies":[{"name":"wp","href":"https:\/\/api.w.org\/{rel}","templated":true}]}}